{"id":2074,"date":"2013-08-01T16:10:57","date_gmt":"2013-08-01T15:10:57","guid":{"rendered":"http:\/\/blog.hapke.de\/?page_id=2074"},"modified":"2014-03-24T16:51:49","modified_gmt":"2014-03-24T15:51:49","slug":"information-history","status":"publish","type":"page","link":"https:\/\/blog.hapke.de\/information-history\/","title":{"rendered":"Information history"},"content":{"rendered":"<p>Former titel: <strong>History of Scientific (Scholarly) Information and Communication<br \/>\n<\/strong><br \/>\n(also at <a href=\"http:\/\/www.tuhh.de\/b\/hapke\/infohist.htm\">http:\/\/www.tuhh.de\/b\/hapke\/infohist.htm<\/a>)<\/p>\n<p><img align=right src=\"http:\/\/www.tuhh.de\/b\/hapke\/gifs\/zschbd.gif\" alt=\"Old volumes of chemical periodicals and textbooks\" \/><\/p>\n<p><strong>A Collection of Internet-Links<\/strong><\/p>\n<ul>\n<li><a href=\"#general\">General Issues<\/a><\/li>\n<li><a href=\"#germany\">History of Scientific Information, Communication, and Documentation in Germany<\/a><\/li>\n<li><a href=\"#library\">Library History\/Book History<\/a><\/li>\n<li><a href=\"#chemical\">History of Chemical Information<\/a><\/li>\n<li><a href=\"#internet\">History of the Internet\/Computer History<\/a><\/li>\n<li><a href=\"http:\/\/www.librarything.com\/catalog.php?view=thapke&#038;collection=270835&#038;shelf=list\">A selection of some recent printed works in the History of Scientific Information and Communication in LibraryThing<\/a><\/li>\n<li><a href=\"http:\/\/blog.hapke.de\/?cat=5\">My private weblog<\/a> with a lot of actual links!<\/li>\n<\/ul>\n<p><\/p>\n<table border>\n<tr>\n<td>&quot;And today the book is already, as the present mode of scholarly production demonstrates, an outdated mediation         between two different filing systems. For everything that matters is to be found in the card box of the researcher who wrote it, and the scholar studying it assimilates it into his own card index.&quot;<\/td>\n<td>&quot;Und schon heute ist das Buch, wie die aktuelle wissenschaftliche Produktionsweise lehrt, eine veraltete Vermittlung zwischen zwei verschiedenen Katalogsystemen. Denn alles Wesentliche findet sich im Zettelkasten des Forschers, der&#8217;s verfasste, und der Gelehrte, der darin studiert, assimiliert es seiner eigenen Kartothek.&quot; <\/td>\n<\/tr>\n<tr>\n<td colspan=\"2\">\n<font size=\"-1\"><i>From: Walter Benjamin: Attested Auditor of Books (Vereidigter B\u00fccherrevisor). In: One-Way-Street (Einbahnstrasse). 1928. Is included in: Walter Benjamin: Ein Lesebuch. Frankfurt: Suhrkamp, 1996, p. 93. English version cited in: <a href=\"http:\/\/web.archive.org\/web\/*\/http:\/\/www.tasc.ac.uk\/depart\/media\/staff\/ls\/WBenjamin\/Bodytext.html\">Lloyd Spence: In the Body of the Text : Walter Benjamin and the Experience of Reading. July 30, 2000 Material Cultures of the Book. (via Archive.org)<\/a><\/i><\/font>\n  <\/td>\n<\/tr>\n<\/table>\n<p>\n<\/p>\n<p><strong><a name=\"general\">General Issues<\/a><\/strong><\/p>\n<p>(If you know further links, please <a href=\"http:\/\/www.tub.tu-harburg.de\/home\/ansprechpartner\/thomas-hapke\/\">contact<\/a> !)<\/p>\n<p><em>Conferences<\/em><\/p>\n<ul>\n<li><a href=\"http:\/\/www.analogousspaces.com\/\">Conference Analogous spaces &#8211; architecture and the space of information, intellect and action<\/a> 15-17 May 2008, Ghent University, Belgium<\/li>\n<li><a href=\"http:\/\/conferences.lis.illinois.edu\/EuroMod.05\/home.html\">European Modernism and the Information Society :  Informing the Present, Understanding the past<\/a> (May 2005)<\/li>\n<li>&quot;<a href=\"http:\/\/wayback.archive-it.org\/2118\/20100924232824\/http:\/\/64.251.202.97\/pubs\/asist2002\/proceedings.html\">History and Heritage of Scientific and Technical Information Systems : Proceedings of the 2002 conference<\/a>&quot; (Volltext published 2004)\n<ul>\n<li><a href=\"ispg\/philly-g.htm\">Papers of German participants<\/a><\/li>\n<li><a href=\"nachchem.pdf\">Short Conference report in German<\/a><\/li>\n<li><a href=\"http:\/\/people.ischool.berkeley.edu\/~buckland\/chfworkshop.html\">West Coast Workshop, Berkeley, Sept 15-16, 2001<\/a><\/li>\n<\/ul>\n<\/li>\n<li><a href=\"http:\/\/wayback.archive-it.org\/2118\/20101023161310\/http:\/\/assets.chemheritage.org\/explore\/ASIS_documents\/ASIS98_main.htm\">Conference on the History and Heritage of Science Information Systems<\/a> (October 23 &#8211; 25, 1998) in Pittsburgh, Pennsylvania, USA.<br \/>Reports on the Conference (<a href=\"NFD1-99.pdf\">In German<\/a>, <a href=\"http:\/\/www.asis.org\/Bulletin\/Jan-99\/rayward.html\">in English<\/a>)<\/li>\n<\/ul>\n<p><em>Homepages<\/em><\/p>\n<ul>\n<li><a href=\"http:\/\/people.ischool.berkeley.edu\/~buckland\/history.html\">History and Theory of Information Management<\/a> (Michael Buckland)<\/li>\n<li><a href=\"http:\/\/faculty.libsci.sc.edu\/bob\/istindex.htm\">Homepage Robert V. Williams<\/a> with a <a href=\"http:\/\/faculty.libsci.sc.edu\/bob\/istchron\/Isbiblio8.pdf\">Bibliography of the History of Information Science and Technology in North America, 1900-2012<\/a>\n<\/li>\n<\/ul>\n<p><em>Pioneers<\/em><\/p>\n<ul>\n<li><a href=\"http:\/\/faculty.libsci.sc.edu\/bob\/ISP\/isp.htm\">Pioneers of Information Science in North America<\/a><\/li>\n<li><a href=\"http:\/\/alexia.lis.uiuc.edu\/~wrayward\/otlet\/otletpage.htm\">Paul Otlet, Documentation and the FID<\/a> (<a href=\"http:\/\/www.lis.uiuc.edu\/~wrayward\/rayward.html\">Boyd Rayward<\/a>)<\/li>\n<li>Otlet-Project of the Maastricht McLuhan Institute only via <a href=\"http:\/\/web.archive.org\/web\/*\/http:\/\/www.mmi.unimaas.nl\/otlet\/\">Internet Archive Wayback Machine<\/a><\/li>\n<li>Collection of papers (most in French) about Paul Otlet, also with a report on the <a href=\"http:\/\/web.archive.org\/web\/*\/http:\/\/www.mundaneum.com\/media\/expo\/otlet.pdf\">Colloquium &quot;Architecture of Knowledge: the Mundaneum and European Antecedents of the World Wide Web&quot; at the  Mundaneum in Mons (Belgium) on 24\/25 May 2002 (via Archive.org)<\/a> and summaries of colloquium papers: <a href=\"http:\/\/lis.illinois.edu\/~wrayward\/TransnationalAssociations.pdf\">Introduction to Transnational Associations \/ Associations Transnationales, Issue 1-2 2003<\/a>. <\/li>\n<li><a href=\"http:\/\/www.lis.uiuc.edu\/~wrayward\/utopianschemes.htm\">H.G. Wells and Utopian Schemes for Knowledge Organisation<\/a> (<a href=\"http:\/\/www.lis.uiuc.edu\/~wrayward\/rayward.html\">Boyd Rayward<\/a>)<\/li>\n<li><a href=\"#ostw\">Wilhelm Ostwald<\/a><\/li>\n<\/ul>\n<p><em>Texts and timetables<\/em><\/p>\n<ul>\n<li><a href=\"http:\/\/www.iatul.org\/doclibrary\/public\/Conf_Proceedings\/1997\/Fjallbrant.doc\">Scholarly communication &#8211; historical development and new possibilities<\/a> (Nancy Fj\u00e4llbrant, IATUL-Proceedings 1997)<\/li>\n<li><a href=\"http:\/\/fs-infowiss.phil.uni-sb.de\/BuFaTa\/thesen.marloth.html#Zeit\">Chronology of Information Science after 1945<\/a> (Only in German: Zeittafel zur internationalen Entwicklung des Informationswesens nach 1945) &#8211; Heinz Marloth<\/li>\n<li><a href=\"http:\/\/hub.ib.hu-berlin.de\/~wumsta\/rehm.html\">Information and communication in history and in the present time<\/a> (In German: Information und Kommunikation in Geschichte und Gegenwart by Margarete Rehm)<\/li>\n<li><a href=\"http:\/\/gabriel.gallezot.free.fr\/Solaris\/d04\/\">Le savoir et ses outils d&#8217;acc\u00e8s : rep\u00e8res historiques<\/a>. (Only in French) &#8211; Sylvie Fayet-Scribe<\/li>\n<li><a href=\"http:\/\/gabriel.gallezot.free.fr\/Solaris\/d06\/6fayet.html\">Histoire de la normalisation autour du livre et du document<\/a>: l&#8217;exemple de la notice bibliographique et catalographique. De la Bibliographie g\u00e9n\u00e9rale et raisonn\u00e9e de la France (1791) \u00e0 la Description bibliographique internationale normalis\u00e9e (1975). Only in French &#8211; Sylvie Fayet-Scribe<\/li>\n<li><a href=\"http:\/\/www.capurro.de\/iwmodul2.html\">Historical Aspects &#8211; Information Science<\/a>. (In German) Rafael Capurro <\/li>\n<\/ul>\n<p><em>Institutions<\/em><\/p>\n<ul>\n<li><a href=\"http:\/\/alexia.lis.uiuc.edu\/~wrayward\/otlet\/FIDHIST2.htm\">History  of the International Federation for Information and Documentation<\/a> (W. Boyd Rayward)<\/li>\n<li><a href=\"http:\/\/www.asis.org\/SIG\/SIGHFIS\/index.htm\">ASIST SIG History and Foundations of Information Science<\/a><\/li>\n<li><a href=\"http:\/\/www.asis.org\/history.html\">History of Information Science (ASIST)<\/a><\/li>\n<li><a href=\"http:\/\/www.bsz-bw.de\/depot\/media\/3400000\/3421000\/3421308\/97_0291.html\">Review to &#8222;Cent ans de l&#8217;Office International de Bibliographie&#8220; (In German)<\/a><\/li>\n<li><a href=\"http:\/\/www.mundaneum.be\">The &quot;Mundaneum&quot; in Mons (Belgium)<\/a><\/li>\n<\/ul>\n<p><strong><a name=\"germany\">History of Scientific Information, Communication, and Documentation in Germany<\/a><\/strong><\/p>\n<p>(If you know further links, please <a href=\"http:\/\/www.tub.tu-harburg.de\/home\/ansprechpartner\/thomas-hapke\/\">contact<\/a> !)<\/p>\n<ul>\n<li><a href=\"ispg\/dgi-ak.htm\">DGI-Arbeitskreis Geschichte des deutschen Informationswesens<\/a> (DGI Working Group for the History of Information and Documentation in Germany)<\/li>\n<li>Thomas Hapke: Hidden roots of mediating information &#8211; aspects of the German information movement. (<a href=\"http:\/\/www.tu-harburg.de\/b\/hapke\/mediation-notices.pdf\">Slides with spoken text<\/a> at the Conference <a href=\"http:\/\/conferences.lis.illinois.edu\/EuroMod.05\/home.html\">&quot;European Modernism and the Information Society: Informing the Present, Understanding the past&quot;<\/a> in May 2005.)<\/li>\n<li><a href=\"ispg\/Ockenfeld.pdf\">Documentation and library associations in Germany during the 20th century<\/a> (Slides of a talk by Marlies Ockenfeld)<br \/><a href=\"http:\/\/wayback.archive-it.org\/2118\/20100924232824\/http:\/\/64.251.202.97\/pubs\/asist2002\/26-ockenfeld-samulowitz.pdf\">Full text with the title &quot;Libraries and Documentation in Germany: A Long-Lasting Conflict&quot; by Marlies Ockenfeld and Hansjoachim Samulowitz (2004)<\/a><\/li>\n<li><a href=\"ostwald\/dgi-2001.htm\">Bausteine zur Geschichte des deutschen Informationswesens im 20. Jahrhundert. (Building blocks for the history of<br \/>\nGerman information science in the 20th century)<\/a>. Presentation at the annual meeting of the Deutsche Gesellschaft fuer<br \/>\nInformationswissenschaft und Informationspraxis (DGI German Society for Information Science and Information Practice), May 2001.<\/li>\n<li>In German: Ein Baustein zur Geschichte der wissenschaftlichen Information und Kommunikation &#8211; eine <a href=\"behrends.html#rez\">Rezension<\/a> und ein <a href=\"behrends.html#lit\">Literatur\u00fcberblick<\/a><br \/>\nEnglish Paper: History of scholarly information and communication: A review of<br \/>\nselected German literature. <br \/><a href=\"jasisrev.htm\">Abstract<\/a> (Journal of the American Society for Information Science)<\/li>\n<li>Erich Pietsch &#8211; International Connections of a German Pioneer in Information Science, <a href=\"http:\/\/www.tu-harburg.de\/b\/hapke\/ispg\/pietsch\/pietsch.htm\">Slides of a talk<\/a>, <a href=\"http:\/\/wayback.archive-it.org\/2118\/20100924232824\/http:\/\/64.251.202.97\/pubs\/asist2002\/27-hapke.pdf\">full text (2004)<\/a><\/li>\n<li><a name=\"ostw\">Wilhelm Ostwald&#8217;s<\/a> activities to improve scholarly information and communication seen as part of the bibliographic movement in the first half of the 20th century. (<a href=\"ostwald\/leipzig.htm\">Slides<\/a>)<\/li>\n<li><a href=\"ostwald\/ostwald.htm\">Wilhelm Ostwald, the Bridge, and Connections to other Bibliographic Activities at the Beginning of the Twentieth Century<\/a> (<a href=\"http:\/\/wayback.archive-it.org\/2118\/20101023161313\/http:\/\/assets.chemheritage.org\/explore\/ASIS_documents\/ASIS98_Hapke.pdf\">Paper<\/a> at Pittsburgh 1998, <a href=\"ostwald.htm\">Further Ostwald Links<\/a>)<\/li>\n<li>Bausteine zur Geschichte der Informationswissenschaft und -praxis in Deutschland (In German)<br \/>\nNot available anymore, only via <a href=\"http:\/\/web.archive.org\/web\/*\/http:\/\/www.phil-fak.uni-duesseldorf.de\/infowiss\/frames\/baust\/Welcome.html\">Internet Archive Wayback Machine<\/a>!<\/li>\n<li><a href=\"ispg\/meyer-doc.htm\">Ernst Meyer: Zur Geschichte der Dokumentation in der Chemie<\/a> (On the history of documentation in Germany &#8211; in German)<\/li>\n<\/ul>\n<p><strong><a name=\"library\">Library History\/Book History<\/a><\/strong><br \/>\n(Only a few remarkable links)<\/p>\n<ul>\n<li><a href=\"http:\/\/www.ala.org\/ala\/mgrps\/rts\/lhrt\/index.cfm\">Library History Round Table<\/a><\/li>\n<li><a href=\"http:\/\/www.uoguelph.ca\/~lbruce\/\">Libraries Today<\/a><\/li>\n<li><a href=\"http:\/\/www.lihg.org\/index.php\">Library and Information History Group of CILIP<\/a><\/li>\n<li><a HREF=\"http:\/\/www.sharpweb.org\/\">SHARP Web<\/a> (Society for the History of Authorship, Reading and Publishing)\n<\/li>\n<\/ul>\n<p><strong><a name=\"chemical\">History of Chemical Information<\/a><\/strong><br \/>\n(If you know further links, please contact !)<\/p>\n<ul>\n<li><a href=\"http:\/\/faculty.libsci.sc.edu\/bob\/chemnet\/chchron.htm\">Chronology of Chemical Information Science<\/a>. also <a href=\"http:\/\/web.archive.org\/web\/20090627184958\/http:\/\/www.chemheritage.org\/explore\/timeline\/CHCHRON.HTM\">at<\/a>!\n<\/li>\n<li><a href=\"http:\/\/www.acscinf.org\/content\/cinf-history\">Historical Information of ACS Division of Chemical Information (CINF)<\/a><\/li>\n<li><a href=\"http:\/\/www2.chemie.uni-erlangen.de\/presentations\/symposium\/willett\/index.html\">Slides of a paper by Peter Willett, University of Sheffield, UK on &quot;Chemoinformatics &#8211; A Historical View&quot;<\/a> at the symposium &quot;Chemoinformatik &#8211; Ein Gebiet ist gereift&quot; on November, 23 2001 in Erlangen<\/li>\n<li><a href=\"http:\/\/pubs.acs.org\/doi\/abs\/10.1021\/cr980362d\">The Early History of Chemical Reviews<\/a> (Mary Ellen Bowden)<\/li>\n<li><a href=\"http:\/\/doku.b.tu-harburg.de\/volltexte\/2003\/42\/\">History of the German chemical periodical &quot;Die Zeitschrift f\u00fcr physikalische Chemie&quot;<\/a> (In German)<\/li>\n<li>Chemical Litera-Tour (Short texts in German with historical remarks):\n<ul>\n<li>1. Stage in Tour: Chemical Reference Works. <a href=\"beilst.html\">Handb\u00fccher und Nachschlagewerke: Beilstein, Gmelin, Roempp &#038; Co.<\/a> (November 1990)<\/li>\n<li>2. Stage in Tour: Chemical Textbooks. <a href=\"che_lbs.html\">Chemische Lehrb\u00fccher von der Mitte des 19. Jahrhunderts bis in unsere Zeit<\/a> (Juni 1991)<\/li>\n<li>3. Stage in Tour: Popular Chemical Literature. <a href=\"docs\/popuchem.html\">Wenn\u00b4s stinkt und kracht&#8230; &#8211; Facetten popul\u00e4rer Chemie-Literatur<\/a> (November 1992)<\/li>\n<li>4. Stage in Tour: On the History of Chemical Journals. <a href=\"docs\/ch-journ.html\">Zur Geschichte chemische Zeitschriften<\/a><\/li>\n<\/ul>\n<\/li>\n<li>Historical Perspective [on chemical journals], paper by Arnold Thackray. In: <a href=\"http:\/\/books.nap.edu\/catalog\/11288.html\">Are Chemical Journals Too Expensive and Inaccessible?: A Workshop Summary to the Chemical Sciences Roundtable<\/a> \/ Ned D. Heindel, Tina M. Masciangioli, and Eva von Schaper, Editors, National Research Council. Washington: National Academies Press, 2005.<\/li>\n<\/ul>\n<p><strong><a name=\"internet\">History of the Internet\/Computer History<\/a><\/strong><br \/>\n(Only a few remarkable links)<\/p>\n<ul>\n<li><a href=\"http:\/\/www.isoc.org\/internet\/history\/\">History of the Internet<\/a> (Internet Society)\n<\/li>\n<li><a href=\"http:\/\/americanhistory.si.edu\/collections\/comphist\/\">Smithsonian Computer History<\/a><\/li>\n<li><a href=\"http:\/\/www.computerhistory.org\">The Computer Museum History Center in Moffett Field, California.<\/a><\/li>\n<li>Martin Campbell-Kelly at the History of Technology Professional Network Launch July 2002 on &quot;<a href=\"http:\/\/wayback.archive.org\/web\/*\/http:\/\/www.iee.org\/OnComms\/pn\/History\/HistoryWk_History_of_Computing.pdf\">The history of the history of computing<\/a>&quot;<\/li>\n<li><a href=\"http:\/\/firstmonday.org\/htbin\/cgiwrap\/bin\/ojs\/index.php\/fm\/issue\/view\/95\">Netizens: on the history and impact of Usenet and the Internet<\/a> (by Michael and Ronda Hauben)<\/li>\n<li><a href=\"http:\/\/www.tomandmaria.com\/tom\/\">Homepage Thomas Haigh<\/a><\/li>\n<\/ul>\n<p>Copyright: <a href=\"http:\/\/www.tub.tu-harburg.de\/home\/ansprechpartner\/thomas-hapke\/\">Thomas Hapke<\/a>, 1.8.2013<br \/>\nURL of this Page: http:\/\/blog.hapke.de\/information-history\/<\/p>\n","protected":false},"excerpt":{"rendered":"<p>Former titel: History of Scientific (Scholarly) Information and Communication (also at http:\/\/www.tuhh.de\/b\/hapke\/infohist.htm) A Collection of Internet-Links General Issues History of Scientific Information, Communication, and Documentation in Germany Library History\/Book History History of Chemical Information History of the Internet\/Computer History A &hellip; <a href=\"https:\/\/blog.hapke.de\/information-history\/\">Weiterlesen <span class=\"meta-nav\">&rarr;<\/span><\/a><\/p>\n","protected":false},"author":3,"featured_media":0,"parent":0,"menu_order":0,"comment_status":"closed","ping_status":"closed","template":"sidebar-page.php","meta":[],"_links":{"self":[{"href":"https:\/\/blog.hapke.de\/wp-json\/wp\/v2\/pages\/2074"}],"collection":[{"href":"https:\/\/blog.hapke.de\/wp-json\/wp\/v2\/pages"}],"about":[{"href":"https:\/\/blog.hapke.de\/wp-json\/wp\/v2\/types\/page"}],"author":[{"embeddable":true,"href":"https:\/\/blog.hapke.de\/wp-json\/wp\/v2\/users\/3"}],"replies":[{"embeddable":true,"href":"https:\/\/blog.hapke.de\/wp-json\/wp\/v2\/comments?post=2074"}],"version-history":[{"count":17,"href":"https:\/\/blog.hapke.de\/wp-json\/wp\/v2\/pages\/2074\/revisions"}],"predecessor-version":[{"id":2281,"href":"https:\/\/blog.hapke.de\/wp-json\/wp\/v2\/pages\/2074\/revisions\/2281"}],"wp:attachment":[{"href":"https:\/\/blog.hapke.de\/wp-json\/wp\/v2\/media?parent=2074"}],"curies":[{"name":"wp","href":"https:\/\/api.w.org\/{rel}","templated":true}]}}